{"id":908,"date":"2021-12-10T03:54:12","date_gmt":"2021-12-10T03:54:12","guid":{"rendered":"https:\/\/bentechsoft.com\/20-backyardquebec\/?page_id=908"},"modified":"2023-04-19T15:47:40","modified_gmt":"2023-04-19T15:47:40","slug":"benevoles","status":"publish","type":"page","link":"https:\/\/www.bigwolfsbackyardultra.ca\/en\/benevoles\/","title":{"rendered":"Volunteers"},"content":{"rendered":"<div data-elementor-type=\"wp-page\" data-elementor-id=\"908\" class=\"elementor elementor-908\">\n\t\t\t\t\t\t<section class=\"elementor-section elementor-top-section elementor-element elementor-element-d1e0746 elementor-section-boxed elementor-section-height-default elementor-section-height-default\" data-id=\"d1e0746\" data-element_type=\"section\">\n\t\t\t\t\t\t<div class=\"elementor-container elementor-column-gap-default\">\n\t\t\t\t\t<div class=\"elementor-column elementor-col-33 elementor-top-column elementor-element elementor-element-db2f215\" data-id=\"db2f215\" data-element_type=\"column\">\n\t\t\t<div class=\"elementor-widget-wrap elementor-element-populated\">\n\t\t\t\t\t\t<div class=\"elementor-element elementor-element-6794129 elementor-hidden-mobile elementor-widget elementor-widget-image\" data-id=\"6794129\" data-element_type=\"widget\" data-widget_type=\"image.default\">\n\t\t\t\t<div class=\"elementor-widget-container\">\n\t\t\t<style>\/*! elementor - v3.19.0 - 07-02-2024 *\/\n.elementor-widget-image{text-align:center}.elementor-widget-image a{display:inline-block}.elementor-widget-image a img[src$=\".svg\"]{width:48px}.elementor-widget-image img{vertical-align:middle;display:inline-block}<\/style>\t\t\t\t\t\t\t\t\t\t<img fetchpriority=\"high\" decoding=\"async\" width=\"1024\" height=\"683\" src=\"https:\/\/www.bigwolfsbackyardultra.ca\/wp-content\/uploads\/2022\/01\/DSC01370-1024x683.jpg\" class=\"attachment-large size-large wp-image-1336\" alt=\"\" srcset=\"https:\/\/www.bigwolfsbackyardultra.ca\/wp-content\/uploads\/2022\/01\/DSC01370-1024x683.jpg 1024w, https:\/\/www.bigwolfsbackyardultra.ca\/wp-content\/uploads\/2022\/01\/DSC01370-300x200.jpg 300w, https:\/\/www.bigwolfsbackyardultra.ca\/wp-content\/uploads\/2022\/01\/DSC01370-768x512.jpg 768w, https:\/\/www.bigwolfsbackyardultra.ca\/wp-content\/uploads\/2022\/01\/DSC01370-1536x1024.jpg 1536w, https:\/\/www.bigwolfsbackyardultra.ca\/wp-content\/uploads\/2022\/01\/DSC01370-2048x1365.jpg 2048w\" sizes=\"(max-width: 1024px) 100vw, 1024px\" \/>\t\t\t\t\t\t\t\t\t\t\t\t\t<\/div>\n\t\t\t\t<\/div>\n\t\t\t\t\t<\/div>\n\t\t<\/div>\n\t\t\t\t<div class=\"elementor-column elementor-col-33 elementor-top-column elementor-element elementor-element-a133a75\" data-id=\"a133a75\" data-element_type=\"column\">\n\t\t\t<div class=\"elementor-widget-wrap elementor-element-populated\">\n\t\t\t\t\t\t<div class=\"elementor-element elementor-element-b2f568f elementor-hidden-mobile elementor-widget elementor-widget-image\" data-id=\"b2f568f\" data-element_type=\"widget\" data-widget_type=\"image.default\">\n\t\t\t\t<div class=\"elementor-widget-container\">\n\t\t\t\t\t\t\t\t\t\t\t\t\t<img decoding=\"async\" width=\"1024\" height=\"683\" src=\"https:\/\/www.bigwolfsbackyardultra.ca\/wp-content\/uploads\/2022\/01\/DSC01402-1024x683.jpg\" class=\"attachment-large size-large wp-image-1372\" alt=\"\" srcset=\"https:\/\/www.bigwolfsbackyardultra.ca\/wp-content\/uploads\/2022\/01\/DSC01402-1024x683.jpg 1024w, https:\/\/www.bigwolfsbackyardultra.ca\/wp-content\/uploads\/2022\/01\/DSC01402-300x200.jpg 300w, https:\/\/www.bigwolfsbackyardultra.ca\/wp-content\/uploads\/2022\/01\/DSC01402-768x512.jpg 768w, https:\/\/www.bigwolfsbackyardultra.ca\/wp-content\/uploads\/2022\/01\/DSC01402-1536x1024.jpg 1536w, https:\/\/www.bigwolfsbackyardultra.ca\/wp-content\/uploads\/2022\/01\/DSC01402-2048x1365.jpg 2048w\" sizes=\"(max-width: 1024px) 100vw, 1024px\" \/>\t\t\t\t\t\t\t\t\t\t\t\t\t<\/div>\n\t\t\t\t<\/div>\n\t\t\t\t\t<\/div>\n\t\t<\/div>\n\t\t\t\t<div class=\"elementor-column elementor-col-33 elementor-top-column elementor-element elementor-element-31444e9\" data-id=\"31444e9\" data-element_type=\"column\">\n\t\t\t<div class=\"elementor-widget-wrap elementor-element-populated\">\n\t\t\t\t\t\t<div class=\"elementor-element elementor-element-f7fb9f9 elementor-widget elementor-widget-image\" data-id=\"f7fb9f9\" data-element_type=\"widget\" data-widget_type=\"image.default\">\n\t\t\t\t<div class=\"elementor-widget-container\">\n\t\t\t\t\t\t\t\t\t\t\t\t\t<img decoding=\"async\" width=\"1024\" height=\"683\" src=\"https:\/\/www.bigwolfsbackyardultra.ca\/wp-content\/uploads\/2022\/01\/DSC01735-1024x683.jpg\" class=\"attachment-large size-large wp-image-1370\" alt=\"\" srcset=\"https:\/\/www.bigwolfsbackyardultra.ca\/wp-content\/uploads\/2022\/01\/DSC01735-1024x683.jpg 1024w, https:\/\/www.bigwolfsbackyardultra.ca\/wp-content\/uploads\/2022\/01\/DSC01735-300x200.jpg 300w, https:\/\/www.bigwolfsbackyardultra.ca\/wp-content\/uploads\/2022\/01\/DSC01735-768x512.jpg 768w, https:\/\/www.bigwolfsbackyardultra.ca\/wp-content\/uploads\/2022\/01\/DSC01735-1536x1024.jpg 1536w, https:\/\/www.bigwolfsbackyardultra.ca\/wp-content\/uploads\/2022\/01\/DSC01735-2048x1365.jpg 2048w\" sizes=\"(max-width: 1024px) 100vw, 1024px\" \/>\t\t\t\t\t\t\t\t\t\t\t\t\t<\/div>\n\t\t\t\t<\/div>\n\t\t\t\t\t<\/div>\n\t\t<\/div>\n\t\t\t\t\t<\/div>\n\t\t<\/section>\n\t\t\t\t<section class=\"elementor-section elementor-top-section elementor-element elementor-element-feb0766 elementor-section-boxed elementor-section-height-default elementor-section-height-default\" data-id=\"feb0766\" data-element_type=\"section\">\n\t\t\t\t\t\t<div class=\"elementor-container elementor-column-gap-default\">\n\t\t\t\t\t<div class=\"elementor-column elementor-col-100 elementor-top-column elementor-element elementor-element-a120c96\" data-id=\"a120c96\" data-element_type=\"column\">\n\t\t\t<div class=\"elementor-widget-wrap elementor-element-populated\">\n\t\t\t\t\t\t<div class=\"elementor-element elementor-element-67a2126 elementor-widget elementor-widget-spacer\" data-id=\"67a2126\" data-element_type=\"widget\" data-widget_type=\"spacer.default\">\n\t\t\t\t<div class=\"elementor-widget-container\">\n\t\t\t<style>\/*! elementor - v3.19.0 - 07-02-2024 *\/\n.elementor-column .elementor-spacer-inner{height:var(--spacer-size)}.e-con{--container-widget-width:100%}.e-con-inner>.elementor-widget-spacer,.e-con>.elementor-widget-spacer{width:var(--container-widget-width,var(--spacer-size));--align-self:var(--container-widget-align-self,initial);--flex-shrink:0}.e-con-inner>.elementor-widget-spacer>.elementor-widget-container,.e-con>.elementor-widget-spacer>.elementor-widget-container{height:100%;width:100%}.e-con-inner>.elementor-widget-spacer>.elementor-widget-container>.elementor-spacer,.e-con>.elementor-widget-spacer>.elementor-widget-container>.elementor-spacer{height:100%}.e-con-inner>.elementor-widget-spacer>.elementor-widget-container>.elementor-spacer>.elementor-spacer-inner,.e-con>.elementor-widget-spacer>.elementor-widget-container>.elementor-spacer>.elementor-spacer-inner{height:var(--container-widget-height,var(--spacer-size))}.e-con-inner>.elementor-widget-spacer.elementor-widget-empty,.e-con>.elementor-widget-spacer.elementor-widget-empty{position:relative;min-height:22px;min-width:22px}.e-con-inner>.elementor-widget-spacer.elementor-widget-empty .elementor-widget-empty-icon,.e-con>.elementor-widget-spacer.elementor-widget-empty .elementor-widget-empty-icon{position:absolute;top:0;bottom:0;left:0;right:0;margin:auto;padding:0;width:22px;height:22px}<\/style>\t\t<div class=\"elementor-spacer\">\n\t\t\t<div class=\"elementor-spacer-inner\"><\/div>\n\t\t<\/div>\n\t\t\t\t<\/div>\n\t\t\t\t<\/div>\n\t\t\t\t<div class=\"elementor-element elementor-element-f119076 elementor-widget elementor-widget-heading\" data-id=\"f119076\" data-element_type=\"widget\" data-widget_type=\"heading.default\">\n\t\t\t\t<div class=\"elementor-widget-container\">\n\t\t\t<style>\/*! elementor - v3.19.0 - 07-02-2024 *\/\n.elementor-heading-title{padding:0;margin:0;line-height:1}.elementor-widget-heading .elementor-heading-title[class*=elementor-size-]>a{color:inherit;font-size:inherit;line-height:inherit}.elementor-widget-heading .elementor-heading-title.elementor-size-small{font-size:15px}.elementor-widget-heading .elementor-heading-title.elementor-size-medium{font-size:19px}.elementor-widget-heading .elementor-heading-title.elementor-size-large{font-size:29px}.elementor-widget-heading .elementor-heading-title.elementor-size-xl{font-size:39px}.elementor-widget-heading .elementor-heading-title.elementor-size-xxl{font-size:59px}<\/style><h1 class=\"elementor-heading-title elementor-size-default\">We need you.<br>Over here volunteers !<\/h1>\t\t<\/div>\n\t\t\t\t<\/div>\n\t\t\t\t<div class=\"elementor-element elementor-element-bb0093a elementor-widget elementor-widget-text-editor\" data-id=\"bb0093a\" data-element_type=\"widget\" data-widget_type=\"text-editor.default\">\n\t\t\t\t<div class=\"elementor-widget-container\">\n\t\t\t<style>\/*! elementor - v3.19.0 - 07-02-2024 *\/\n.elementor-widget-text-editor.elementor-drop-cap-view-stacked .elementor-drop-cap{background-color:#69727d;color:#fff}.elementor-widget-text-editor.elementor-drop-cap-view-framed .elementor-drop-cap{color:#69727d;border:3px solid;background-color:transparent}.elementor-widget-text-editor:not(.elementor-drop-cap-view-default) .elementor-drop-cap{margin-top:8px}.elementor-widget-text-editor:not(.elementor-drop-cap-view-default) .elementor-drop-cap-letter{width:1em;height:1em}.elementor-widget-text-editor .elementor-drop-cap{float:left;text-align:center;line-height:1;font-size:50px}.elementor-widget-text-editor .elementor-drop-cap-letter{display:inline-block}<\/style>\t\t\t\t<p>To ensure an enriching and fun experience for volunteers, and runners.\u00a0<\/p><p><span style=\"color: #7a7a7a; font-family: Poppins; font-size: 14px; font-style: normal; font-variant-ligatures: normal; font-variant-caps: normal; font-weight: 400;\">\u2013 Multiple possible implications<\/span><\/p><p><span style=\"color: #7a7a7a; font-family: Poppins; font-size: 14px; font-style: normal; font-variant-ligatures: normal; font-variant-caps: normal; font-weight: 400;\">&#8211; Cadeaux et reconnaissance<\/span><span style=\"color: #7a7a7a; font-family: Poppins; font-size: 14px; font-style: normal; font-variant-ligatures: normal; font-variant-caps: normal; font-weight: 400;\"><br \/><\/span><\/p><p><span style=\"color: #7a7a7a; font-family: Poppins; font-size: 14px; font-style: normal; font-variant-ligatures: normal; font-variant-caps: normal; font-weight: 400;\">\u2013 VIP experience at the center of competition<\/span><\/p>\t\t\t\t\t\t<\/div>\n\t\t\t\t<\/div>\n\t\t\t\t<div class=\"elementor-element elementor-element-c6a6f17 elementor-widget elementor-widget-text-editor\" data-id=\"c6a6f17\" data-element_type=\"widget\" data-widget_type=\"text-editor.default\">\n\t\t\t\t<div class=\"elementor-widget-container\">\n\t\t\t\t\t\t\t<p><b>Register as a volunteer :<\/b><\/p>\t\t\t\t\t\t<\/div>\n\t\t\t\t<\/div>\n\t\t\t\t<div class=\"elementor-element elementor-element-06c2a3a elementor-widget elementor-widget-html\" data-id=\"06c2a3a\" data-element_type=\"widget\" data-widget_type=\"html.default\">\n\t\t\t\t<div class=\"elementor-widget-container\">\n\t\t\t<iframe src=\"https:\/\/docs.google.com\/forms\/d\/e\/1FAIpQLScSGOnsr_AOl61Q7_jK7HJ2B2W7oKrZkt5wMbBwPd1Q0cGcTQ\/viewform?embedded=true\" width=\"640\" height=\"2340\" frameborder=\"0\" marginheight=\"0\" marginwidth=\"0\">Chargement\u2026<\/iframe>\t\t<\/div>\n\t\t\t\t<\/div>\n\t\t\t\t<div class=\"elementor-element elementor-element-56c0022 elementor-widget elementor-widget-spacer\" data-id=\"56c0022\" data-element_type=\"widget\" data-widget_type=\"spacer.default\">\n\t\t\t\t<div class=\"elementor-widget-container\">\n\t\t\t\t\t<div class=\"elementor-spacer\">\n\t\t\t<div class=\"elementor-spacer-inner\"><\/div>\n\t\t<\/div>\n\t\t\t\t<\/div>\n\t\t\t\t<\/div>\n\t\t\t\t<div class=\"elementor-element elementor-element-fdf41c5 elementor-widget elementor-widget-text-editor\" data-id=\"fdf41c5\" data-element_type=\"widget\" data-widget_type=\"text-editor.default\">\n\t\t\t\t<div class=\"elementor-widget-container\">\n\t\t\t\t\t\t\t<h4 style=\"text-align: left;\">Programme de reconnaissance d\u2019implication des b\u00e9n\u00e9voles\u00a0:<\/h4><p style=\"text-align: left;\"><strong>6H de b\u00e9n\u00e9volat :<\/strong><\/p><ul style=\"text-align: left;\"><li>Kumbucha x2<\/li><\/ul><p style=\"text-align: left;\"><strong>12H de b\u00e9n\u00e9volat :<\/strong><\/p><ul style=\"text-align: left;\"><li>Kumbucha x2<\/li><li>30% de rabais sur la course o\u00f9 est fait le b\u00e9n\u00e9volat l\u2019an prochain.<\/li><li>Casquette b\u00e9n\u00e9vole<\/li><\/ul><p style=\"text-align: left;\"><strong>24H de b\u00e9n\u00e9volat :<\/strong><\/p><ul><li style=\"text-align: left;\">Kumbucha x2<\/li><li style=\"text-align: left;\">50% de rabais sur la course o\u00f9 est fait le b\u00e9n\u00e9volat l\u2019an prochain<\/li><li style=\"text-align: left;\">Casquette b\u00e9n\u00e9vole<\/li><\/ul>\t\t\t\t\t\t<\/div>\n\t\t\t\t<\/div>\n\t\t\t\t<div class=\"elementor-element elementor-element-c8086b1 elementor-align-center elementor-button-success elementor-widget elementor-widget-button\" data-id=\"c8086b1\" data-element_type=\"widget\" data-widget_type=\"button.default\">\n\t\t\t\t<div class=\"elementor-widget-container\">\n\t\t\t\t\t<div class=\"elementor-button-wrapper\">\n\t\t\t<a class=\"elementor-button elementor-button-link elementor-size-xl\" href=\"https:\/\/forms.gle\/AXPRXUyhYTjPSBYK6\">\n\t\t\t\t\t\t<span class=\"elementor-button-content-wrapper\">\n\t\t\t\t\t\t<span class=\"elementor-button-text\">Devenir b\u00e9n\u00e9vole (version mobile)<\/span>\n\t\t<\/span>\n\t\t\t\t\t<\/a>\n\t\t<\/div>\n\t\t\t\t<\/div>\n\t\t\t\t<\/div>\n\t\t\t\t\t<\/div>\n\t\t<\/div>\n\t\t\t\t\t<\/div>\n\t\t<\/section>\n\t\t\t\t<\/div>","protected":false},"excerpt":{"rendered":"<p>Nous avons besoin de vous.Par ici les b\u00e9n\u00e9voles ! Pour garantir une exp\u00e9rience enrichissante et amusante aux b\u00e9n\u00e9voles, et aux coureurs.\u00a0 &#8211; Multiples implications possibles &#8211; Cadeaux et reconnaissance &#8211; Exp\u00e9rience VIP au c\u0153ur de la comp\u00e9tition Inscris-toi comme b\u00e9n\u00e9vole : Chargement\u2026 Programme de reconnaissance d\u2019implication des b\u00e9n\u00e9voles\u00a0: 6H de b\u00e9n\u00e9volat : Kumbucha x2 12H [&hellip;]<\/p>","protected":false},"author":1,"featured_media":1337,"parent":0,"menu_order":0,"comment_status":"closed","ping_status":"closed","template":"","meta":{"ocean_post_layout":"full-screen","ocean_both_sidebars_style":"","ocean_both_sidebars_content_width":0,"ocean_both_sidebars_sidebars_width":0,"ocean_sidebar":"0","ocean_second_sidebar":"0","ocean_disable_margins":"on","ocean_add_body_class":"","ocean_shortcode_before_top_bar":"","ocean_shortcode_after_top_bar":"","ocean_shortcode_before_header":"","ocean_shortcode_after_header":"","ocean_has_shortcode":"","ocean_shortcode_after_title":"","ocean_shortcode_before_footer_widgets":"","ocean_shortcode_after_footer_widgets":"","ocean_shortcode_before_footer_bottom":"","ocean_shortcode_after_footer_bottom":"","ocean_display_top_bar":"default","ocean_display_header":"default","ocean_header_style":"","ocean_center_header_left_menu":"0","ocean_custom_header_template":"0","ocean_custom_logo":0,"ocean_custom_retina_logo":0,"ocean_custom_logo_max_width":0,"ocean_custom_logo_tablet_max_width":0,"ocean_custom_logo_mobile_max_width":0,"ocean_custom_logo_max_height":0,"ocean_custom_logo_tablet_max_height":0,"ocean_custom_logo_mobile_max_height":0,"ocean_header_custom_menu":"0","ocean_menu_typo_font_family":"0","ocean_menu_typo_font_subset":"","ocean_menu_typo_font_size":0,"ocean_menu_typo_font_size_tablet":0,"ocean_menu_typo_font_size_mobile":0,"ocean_menu_typo_font_size_unit":"px","ocean_menu_typo_font_weight":"","ocean_menu_typo_font_weight_tablet":"","ocean_menu_typo_font_weight_mobile":"","ocean_menu_typo_transform":"","ocean_menu_typo_transform_tablet":"","ocean_menu_typo_transform_mobile":"","ocean_menu_typo_line_height":0,"ocean_menu_typo_line_height_tablet":0,"ocean_menu_typo_line_height_mobile":0,"ocean_menu_typo_line_height_unit":"","ocean_menu_typo_spacing":0,"ocean_menu_typo_spacing_tablet":0,"ocean_menu_typo_spacing_mobile":0,"ocean_menu_typo_spacing_unit":"","ocean_menu_link_color":"","ocean_menu_link_color_hover":"","ocean_menu_link_color_active":"","ocean_menu_link_background":"","ocean_menu_link_hover_background":"","ocean_menu_link_active_background":"","ocean_menu_social_links_bg":"","ocean_menu_social_hover_links_bg":"","ocean_menu_social_links_color":"","ocean_menu_social_hover_links_color":"","ocean_disable_title":"on","ocean_disable_heading":"default","ocean_post_title":"","ocean_post_subheading":"","ocean_post_title_style":"","ocean_post_title_background_color":"","ocean_post_title_background":0,"ocean_post_title_bg_image_position":"","ocean_post_title_bg_image_attachment":"","ocean_post_title_bg_image_repeat":"","ocean_post_title_bg_image_size":"","ocean_post_title_height":0,"ocean_post_title_bg_overlay":0.5,"ocean_post_title_bg_overlay_color":"","ocean_disable_breadcrumbs":"default","ocean_breadcrumbs_color":"","ocean_breadcrumbs_separator_color":"","ocean_breadcrumbs_links_color":"","ocean_breadcrumbs_links_hover_color":"","ocean_display_footer_widgets":"default","ocean_display_footer_bottom":"default","ocean_custom_footer_template":"0","osh_disable_topbar_sticky":"default","osh_disable_header_sticky":"default","osh_sticky_header_style":"default","osh_sticky_header_effect":"","osh_custom_sticky_logo":0,"osh_custom_retina_sticky_logo":0,"osh_custom_sticky_logo_height":0,"osh_background_color":"","osh_links_color":"","osh_links_hover_color":"","osh_links_active_color":"","osh_links_bg_color":"","osh_links_hover_bg_color":"","osh_links_active_bg_color":"","osh_menu_social_links_color":"","osh_menu_social_hover_links_color":"","footnotes":""},"class_list":["post-908","page","type-page","status-publish","has-post-thumbnail","hentry","entry","has-media"],"_links":{"self":[{"href":"https:\/\/www.bigwolfsbackyardultra.ca\/en\/wp-json\/wp\/v2\/pages\/908","targetHints":{"allow":["GET"]}}],"collection":[{"href":"https:\/\/www.bigwolfsbackyardultra.ca\/en\/wp-json\/wp\/v2\/pages"}],"about":[{"href":"https:\/\/www.bigwolfsbackyardultra.ca\/en\/wp-json\/wp\/v2\/types\/page"}],"author":[{"embeddable":true,"href":"https:\/\/www.bigwolfsbackyardultra.ca\/en\/wp-json\/wp\/v2\/users\/1"}],"replies":[{"embeddable":true,"href":"https:\/\/www.bigwolfsbackyardultra.ca\/en\/wp-json\/wp\/v2\/comments?post=908"}],"version-history":[{"count":175,"href":"https:\/\/www.bigwolfsbackyardultra.ca\/en\/wp-json\/wp\/v2\/pages\/908\/revisions"}],"predecessor-version":[{"id":3564,"href":"https:\/\/www.bigwolfsbackyardultra.ca\/en\/wp-json\/wp\/v2\/pages\/908\/revisions\/3564"}],"wp:featuredmedia":[{"embeddable":true,"href":"https:\/\/www.bigwolfsbackyardultra.ca\/en\/wp-json\/wp\/v2\/media\/1337"}],"wp:attachment":[{"href":"https:\/\/www.bigwolfsbackyardultra.ca\/en\/wp-json\/wp\/v2\/media?parent=908"}],"curies":[{"name":"wp","href":"https:\/\/api.w.org\/{rel}","templated":true}]}}